{"id":3082,"date":"2023-01-30T19:55:40","date_gmt":"2023-01-30T18:55:40","guid":{"rendered":"https:\/\/rensika.com\/politica-sulle-reti-sociali\/"},"modified":"2023-01-30T19:55:40","modified_gmt":"2023-01-30T18:55:40","slug":"politica-sulle-reti-sociali","status":"publish","type":"page","link":"https:\/\/rensika.com\/it\/politica-sulle-reti-sociali\/","title":{"rendered":"POLITICA SULLE RETI SOCIALI"},"content":{"rendered":"\n<style type=\"text\/css\" data-created_by=\"avia_inline_auto\" id=\"style-css-av-2u9gen-29be41fe8b15f387e628cff3e69620de\">\n.flex_column.av-2u9gen-29be41fe8b15f387e628cff3e69620de{\nborder-radius:0px 0px 0px 0px;\npadding:0px 0px 0px 0px;\n}\n<\/style>\n<div  class='flex_column av-2u9gen-29be41fe8b15f387e628cff3e69620de av_one_full  avia-builder-el-0  avia-builder-el-no-sibling  first flex_column_div av-zero-column-padding  '     ><section  class='av_textblock_section av-krl0g815-38d3005be27683c400e4bbc52a58aec3 '   itemscope=\"itemscope\" itemtype=\"https:\/\/schema.org\/CreativeWork\" ><div class='avia_textblock'  itemprop=\"text\" ><h2>POLITICA SULLE RETI SOCIALI<\/h2>\n<h3>1. Informazioni sul responsabile del trattamento dei dati ospitati nella pagina ufficiale di RENSIKA S.L., sulle reti sociali<\/h3>\n<p>In conformit\u00e0 con il dovere di informazione stabilito nel Regolamento (UE) 2016\/679 del 27 aprile (GDPR) e nella Legge Organica 3\/2018, del 5 dicembre (LOPDGDD) RENSIKA S.L., in seguito il Responsabile, desidera informare gli utenti di questa rete sociale della politica relativa al trattamento e alla protezione dei dati personali di quelle persone che volontariamente accedono e utilizzano la pagina ufficiale del RESPONSABILE, nella stessa. L&#8217;accesso e l&#8217;uso da parte dell&#8217;utente di questa pagina ufficiale del RESPONSABLE, implica che accetta espressamente la presente informativa sulla privacy e che presta il suo consenso al trattamento dei suoi dati personali in conformit\u00e0 con le disposizioni della stessa.<\/p>\n<h3>2. Dati di minori o persone incapaci<\/h3>\n<p>L&#8217;accesso e la registrazione in questa rete sociale \u00e8 vietato ai minori di quattordici (14) anni, per cui \u00e8 anche vietato ai minori di quattordici (14 anni) l&#8217;accesso e l&#8217;uso della pagina ufficiale del RESPONSABILE, nella stessa.<br \/>\nDa parte sua, se l&#8217;utente \u00e8 incapace, il RESPONSABILE, avverte che sar\u00e0 necessaria l&#8217;assistenza consentita del titolare della patria potest\u00e0 o tutela dell&#8217;utente o suo rappresentante legale per l&#8217;accesso e l&#8217;uso di questo sito ufficiale del RESPONSABILE, questo sar\u00e0 espressamente esonerato da qualsiasi responsabilit\u00e0 che possa derivare dall&#8217;uso del suo sito ufficiale da parte di minori e incapaci, dal momento che tale responsabilit\u00e0 \u00e8 dei loro rappresentanti legali in ogni caso.<\/p>\n<h3>3. Identificazione della ragione sociale del titolare del file<\/h3>\n<p>Si informa l&#8217;utente che il RESPONSABILE, con sede sociale in Avenida Can Fatj\u00f3, Pol.Ind. Cova Solera, 151 \u2013 08191 Rub\u00ed (Barcelona), ha la condizione di responsabile dei file e del trattamento attraverso il quale vengono raccolti e conservati i dati personali dell&#8217;utente a seguito della registrazione e dell&#8217;uso del sito ufficiale del\u00a0 RESPONSABILE, in questa rete sociale, fatti salvi i trattamenti di cui \u00e8 responsabile l&#8217;ente titolare della rete sociale in cui si trova il nostro sito ufficiale.<\/p>\n<h3>4. Finalit\u00e0 di utilizzo dei dati personali, informazione e consenso<\/h3>\n<p>I dati personali forniti volontariamente dall&#8217;utente al RESPONSABILE, attraverso il suo sito web ufficiale saranno parte di un trattamento di dati sotto la responsabilit\u00e0 del RESPONSABILE, al fine di offrire informazioni dal RESPONSABILE, per e-mail, fax, SMS, social community o qualsiasi altro mezzo elettronico o fisico, presente o futuro, che consenta la comunicazione commerciale, l&#8217;invio di newsletter a quegli utenti che si iscrivono, lo scambio di informazioni con il RESPONSABILE, e altri utenti e stabilire la comunicazione con terze parti. L&#8217;utente \u00e8 libero di utilizzare la pagina ufficiale del RESPONSABILE, in questa rete sociale, quindi se l&#8217;utente non \u00e8 d&#8217;accordo con il trattamento dei suoi dati per queste finalit\u00e0, non dovr\u00e0 utilizzarla o fornire i suoi dati personali.<br \/>\nAttraverso questa pagina ufficiale del RESPONSABILE, l&#8217;utente pu\u00f2 condividere testi, foto, video e altre informazioni e\/o contenuti che saranno soggetti sia a questa politica che alle Norme e Condizioni della Piattaforma. L&#8217;utente sar\u00e0 responsabile di garantire che tutti i contenuti da lui pubblicati siano conformi alla legislazione vigente, alla presente politica e alle Norme della piattaforma.<br \/>\nL&#8217;utente potr\u00e0 pubblicare in questo sito ufficiale del RESPONSABILE, solo dati personali, fotografie e informazioni o altri contenuti la cui titolarit\u00e0 e propriet\u00e0 gli appartengono o rispetto ai quali possiede l&#8217;autorizzazione di terzi.<br \/>\nIl RESPONSABILE, avr\u00e0 il diritto di eliminare da questo sito ufficiale -unilateralmente e senza previa comunicazione o autorizzazione da parte dell&#8217;utente- qualsiasi contenuto pubblicato dall&#8217;utente quando l&#8217;utente infrange o viola la legislazione vigente, le regole stabilite nella presente politica e le Norme della Piattaforma.<\/p>\n<h3>5. Identificazione dei destinatari rispetto ai quali il RESPONSABILE intende trasferire o comunicare i dati<\/h3>\n<p>L&#8217;utente \u00e8 avvertito che tutte le informazioni e i contenuti pubblicati sulla pagina ufficiale del RESPONSABILE, nella rete sociale possono essere conosciuti dagli altri utenti della pagina ufficiale e della piattaforma della rete sociale. Di conseguenza, tutte le informazioni e i contenuti pubblicati dall&#8217;utente sulla pagina ufficiale del RESPONSABILE, in questa rete sociale saranno comunicati dal resto degli utenti per la natura stessa del servizio.<br \/>\nIl RESPONSABILE prevede realizzare solo cessioni o comunicazioni di dati che, in base alla normativa vigente debba realizzare a giudici, tribunali, pubbliche amministrazioni e autorit\u00e0 competenti di natura amministrativa.<\/p>\n<h3>6. Altri fornitori di servizi terzi<\/h3>\n<p>Il RESPONSABILE, avverte l&#8217;utente che questa entit\u00e0 \u00e8 solo responsabile e garantisce la riservatezza, la sicurezza e il trattamento dei dati in conformit\u00e0 con la presente politica, per quanto riguarda i dati personali raccolti dall&#8217;utente attraverso questa pagina ufficiale in questa rete sociale, e non ha alcuna responsabilit\u00e0 per il trattamento e il successivo utilizzo dei dati personali che potrebbe essere fatto sia dal titolare della rete sociale sia da terzi fornitori di servizi della societ\u00e0 dell&#8217;informazione che potrebbero accedere a tali dati a causa della fornitura dei loro servizi o dell&#8217;esercizio della loro attivit\u00e0, terzi che stabiliscano collegamenti ipertestuali alla rete sociale, n\u00e9 di quelli responsabili a cui attraverso collegamenti ipertestuali il RESPONSABILE, rimanda agli utenti iscritti al presente sito ufficiale.<\/p>\n<h3>7. Qualit\u00e0 dei dati<\/h3>\n<p>Il RESPONSABILE, avverte l&#8217;utente che, salvo l&#8217;esistenza di una rappresentanza legalmente costituita, nessun utente pu\u00f2 utilizzare l&#8217;identit\u00e0 di un&#8217;altra persona e comunicare i suoi dati personali, quindi l&#8217;utente dovr\u00e0 tener conto in ogni momento che si possono fornire solo dati personali corrispondenti alla sua identit\u00e0 e che siano adeguati, pertinenti, attuali, esatti e veritieri. In ogni caso, l&#8217;utente dovr\u00e0 rispettare la privacy di terzi, siano essi utenti o meno della rete sociale o della pagina ufficiale del RESPONSABILE, nella stessa.<\/p>\n<h3>8. Diritti dell&#8217;Interessato:<\/h3>\n<p>Diritto di ritirare il consenso in qualsiasi momento.<br \/>\nDiritto di accesso, rettifica, eliminazione e portabilit\u00e0 dei suoi dati e di limitazione o opposizione al loro trattamento.<br \/>\nDiritto di presentare un reclamo all&#8217;Autorit\u00e0 di vigilanza (www.aepd.es) se ritiene che il trattamento non sia conforme alla normativa vigente.<\/p>\n<h3>9. Altre informazioni di interesse<\/h3>\n<p>Il RESPONSABILE, potr\u00e0 modificare e\/o sostituire in qualsiasi momento la presente politica che, a seconda dei casi, sostituir\u00e0, completer\u00e0 e\/o modificher\u00e0 quella attualmente pubblicata qui. Pertanto, l&#8217;utente dovr\u00e0 accedere periodicamente alle stesse per tenersi aggiornato.<br \/>\nL&#8217;utente pu\u00f2 contattare il RESPONSABILE, attraverso il servizio di messaggistica interna della rete sociale o attraverso i seguenti indirizzi e dati di contatto:<\/p>\n<p>RENSIKA S.L<br \/>\ninfo@rensika.com<\/p>\n<p>L&#8217;utente pu\u00f2 anche consultare le norme e politiche pubblicate dal proprietario della rete sociale per l&#8217;utilizzo della stessa.<\/p>\n<p>&nbsp;<\/p>\n<\/div><\/section><\/div>\n","protected":false},"excerpt":{"rendered":"","protected":false},"author":1,"featured_media":0,"parent":0,"menu_order":0,"comment_status":"closed","ping_status":"closed","template":"","meta":{"footnotes":""},"_links":{"self":[{"href":"https:\/\/rensika.com\/it\/wp-json\/wp\/v2\/pages\/3082"}],"collection":[{"href":"https:\/\/rensika.com\/it\/wp-json\/wp\/v2\/pages"}],"about":[{"href":"https:\/\/rensika.com\/it\/wp-json\/wp\/v2\/types\/page"}],"author":[{"embeddable":true,"href":"https:\/\/rensika.com\/it\/wp-json\/wp\/v2\/users\/1"}],"replies":[{"embeddable":true,"href":"https:\/\/rensika.com\/it\/wp-json\/wp\/v2\/comments?post=3082"}],"version-history":[{"count":2,"href":"https:\/\/rensika.com\/it\/wp-json\/wp\/v2\/pages\/3082\/revisions"}],"predecessor-version":[{"id":3178,"href":"https:\/\/rensika.com\/it\/wp-json\/wp\/v2\/pages\/3082\/revisions\/3178"}],"wp:attachment":[{"href":"https:\/\/rensika.com\/it\/wp-json\/wp\/v2\/media?parent=3082"}],"curies":[{"name":"wp","href":"https:\/\/api.w.org\/{rel}","templated":true}]}}