{"id":3076,"date":"2023-01-30T19:52:23","date_gmt":"2023-01-30T18:52:23","guid":{"rendered":"https:\/\/rensika.com\/informativa-sulla-privacy-web\/"},"modified":"2024-11-08T13:14:31","modified_gmt":"2024-11-08T12:14:31","slug":"informativa-sulla-privacy-web","status":"publish","type":"page","link":"https:\/\/rensika.com\/it\/informativa-sulla-privacy-web\/","title":{"rendered":"INFORMATIVA SULLA PRIVACY WEB"},"content":{"rendered":"\n<style type=\"text\/css\" data-created_by=\"avia_inline_auto\" id=\"style-css-av-33hp-3a26857b07beb9cf08b65f993387abf6\">\n.flex_column.av-33hp-3a26857b07beb9cf08b65f993387abf6{\nborder-radius:0px 0px 0px 0px;\npadding:0px 0px 0px 0px;\n}\n<\/style>\n<div  class='flex_column av-33hp-3a26857b07beb9cf08b65f993387abf6 av_one_full  avia-builder-el-0  avia-builder-el-no-sibling  first flex_column_div av-zero-column-padding  '     ><section  class='av_textblock_section av-krl0oqm3-784ade3eb65a5f20485e6f3152f5f3cb '   itemscope=\"itemscope\" itemtype=\"https:\/\/schema.org\/CreativeWork\" ><div class='avia_textblock'  itemprop=\"text\" ><h2>INFORMATIVA SULLA PRIVACY WEB<\/h2>\n<p>Titolare del trattamento<br \/>\nLa societ\u00e0 responsabile del trattamento dei tuoi dati ai sensi della presente Informativa sulla privacy \u00e8:<\/p>\n<p>RENSIKA S.L<br \/>\nNIF: B59834028<br \/>\nIndirizzo: Avenida Can Fatj\u00f3, Pol.Ind. Cova Solera, 151 &#8211; 08191 Rub\u00ed (Barcellona)<br \/>\nIndirizzo e-mail: info@rensika.com<br \/>\nWeb: www.rensika.com<br \/>\nTelefono: 93 715 10 81<br \/>\nIscritta nel Registro delle Imprese di Barcellona, \u200b\u200bVolume 21.168, Folio 104, Foglio B-17.904, Ins. 1a<\/p>\n<p>Noi di RENSIKA S.L riconosciamo l&#8217;importanza di proteggere le tue informazioni personali e ci impegniamo a trattarle in modo responsabile e in conformit\u00e0 con le leggi sulla protezione dei dati.<br \/>\nLa presente informativa sulla privacy mira a regolare tutti gli aspetti relativi al trattamento dei dati dei diversi utenti che navigano o forniscono i propri dati personali attraverso i diversi moduli presenti sul sito web.<\/p>\n<p>Dati personali<br \/>\nI dati personali sono informazioni che ti identificano o ti rendono identificabile. Attraverso il sito web, nelle caselle predisposte a tale scopo, raccogliamo i dati personali che l&#8217;utente ci comunica: Nome, cognome, email, telefono, indirizzo postale, citt\u00e0, ecc. cos\u00ec come tutti i dati che ci fornisci volontariamente attraverso uno qualsiasi dei social network in cui l&#8217;utente \u00e8 registrato. In questo caso la privacy dipender\u00e0 dalle impostazioni stabilite dall&#8217;utente nonch\u00e9 dai termini e dalle condizioni del social network stesso.<br \/>\nLa visita dell&#8217;utente al sito web non implica che questi debba fornire alcuna informazione sui propri dati personali. Tuttavia, se forniti, i dati saranno trattati lecitamente nel rispetto dei principi e dei diritti contenuti nel RGPD 2016\/679 del 27 aprile 2016 e nella LOPDGDD 3\/2018 del 5 dicembre.<\/p>\n<p>Finalit\u00e0, durata e liceit\u00e0 del trattamento:<br \/>\nTratteremo i dati che l\u2019utente ci fornisce per le seguenti finalit\u00e0:<br \/>\nRispondere alla richiesta o alla richiesta avanzata dall&#8217;utente tramite il modulo di contatto situato sul sito web.<br \/>\nRaccogliamo ed elaboriamo i dati personali dell&#8217;utente per poter elaborare e gestire la tua richiesta, una query o qualsiasi richiesta effettuata tramite detto modulo. Conserveremo questi dati per il tempo necessario a dar seguito alla tua richiesta e per il tempo stabilito dalla legge con a<br \/>\ndurata minima 3 anni.<br \/>\nLa base per legittimare il trattamento dei dati sar\u00e0 il consenso prestato dall&#8217;utente selezionando la casella di accettazione della nostra privacy policy prima di inviare la richiesta. L&#8217;utente ha il diritto di revocare il proprio consenso in qualsiasi momento senza pregiudicare la liceit\u00e0 del trattamento basata sul consenso prima della revoca.<br \/>\nMigliora la tua esperienza durante la navigazione sul Web. Conserveremo questi dati finch\u00e9 l&#8217;utente non revocher\u00e0 il consenso al loro trattamento cancellando i cookie e per il tempo stabilito dalla legge con una durata minima di 3 anni.<br \/>\nLa base legittima per migliorare la tua esperienza durante la navigazione nel sito web \u00e8 il consenso prestato dall&#8217;utente quando accetta i cookie. L&#8217;utente ha il diritto di revocare il proprio consenso in qualsiasi momento senza pregiudicare la liceit\u00e0 del trattamento basata sul consenso prima della revoca.<br \/>\nGestire i nostri social network e inviarti informazioni sulle nostre attivit\u00e0 e prodotti. Conserveremo questi dati finch\u00e9 l&#8217;utente non revocher\u00e0 il proprio consenso al loro trattamento e per il tempo stabilito dalla legge con una durata minima di 3 anni.<br \/>\nLa base legittima per gestire i nostri social network e inviarti le nostre attivit\u00e0 e notizie \u00e8 il consenso che ci dai per farlo. L&#8217;utente ha il diritto di revocare il proprio consenso in qualsiasi momento senza pregiudicare la liceit\u00e0 del trattamento basata sul consenso prima della revoca.<br \/>\nGestire le comunicazioni inviate attraverso il canale reclami implementato dal Titolare.<br \/>\nTratteremo i dati personali (qualora la comunicazione non sia anonima) e le informazioni fornite dall&#8217;interessato allo scopo di gestire e risolvere il reclamo presentato attraverso il canale e al quale si accede tramite il sito web.<br \/>\nLa base legittimante del loro trattamento \u00e8 l\u2019adempimento di una missione svolta nell\u2019interesse pubblico, nonch\u00e9 l\u2019adempimento di un obbligo legale.<br \/>\nI dati saranno conservati solo per il tempo necessario a decidere se avviare o meno un&#8217;indagine sugli eventi segnalati. In ogni caso, decorsi tre mesi dall&#8217;introduzione dei dati, qualora il reclamo non abbia avuto esito positivo, gli stessi potranno essere conservati al solo scopo di lasciare evidenza nel sistema, in forma anonimizzata. Se il reclamo ha avuto esito positivo, verr\u00e0 eliminato e bloccato dal sistema interno dei reclami e verr\u00e0 conservato per un periodo di tempo.<\/p>\n<\/div><\/section><\/div>\n","protected":false},"excerpt":{"rendered":"","protected":false},"author":1,"featured_media":0,"parent":0,"menu_order":0,"comment_status":"closed","ping_status":"open","template":"","meta":{"footnotes":""},"_links":{"self":[{"href":"https:\/\/rensika.com\/it\/wp-json\/wp\/v2\/pages\/3076"}],"collection":[{"href":"https:\/\/rensika.com\/it\/wp-json\/wp\/v2\/pages"}],"about":[{"href":"https:\/\/rensika.com\/it\/wp-json\/wp\/v2\/types\/page"}],"author":[{"embeddable":true,"href":"https:\/\/rensika.com\/it\/wp-json\/wp\/v2\/users\/1"}],"replies":[{"embeddable":true,"href":"https:\/\/rensika.com\/it\/wp-json\/wp\/v2\/comments?post=3076"}],"version-history":[{"count":6,"href":"https:\/\/rensika.com\/it\/wp-json\/wp\/v2\/pages\/3076\/revisions"}],"predecessor-version":[{"id":3181,"href":"https:\/\/rensika.com\/it\/wp-json\/wp\/v2\/pages\/3076\/revisions\/3181"}],"wp:attachment":[{"href":"https:\/\/rensika.com\/it\/wp-json\/wp\/v2\/media?parent=3076"}],"curies":[{"name":"wp","href":"https:\/\/api.w.org\/{rel}","templated":true}]}}