{"id":3068,"date":"2023-01-30T19:42:47","date_gmt":"2023-01-30T18:42:47","guid":{"rendered":"https:\/\/rensika.com\/avviso-legale\/"},"modified":"2023-01-30T19:44:50","modified_gmt":"2023-01-30T18:44:50","slug":"avviso-legale","status":"publish","type":"page","link":"https:\/\/rensika.com\/it\/avviso-legale\/","title":{"rendered":"AVVISO LEGALE"},"content":{"rendered":"\n<style type=\"text\/css\" data-created_by=\"avia_inline_auto\" id=\"style-css-av-awzao-ffdd4d9fe76b691c5f7df5bb8a8fbeb6\">\n.flex_column.av-awzao-ffdd4d9fe76b691c5f7df5bb8a8fbeb6{\nborder-radius:0px 0px 0px 0px;\npadding:0px 0px 0px 0px;\n}\n<\/style>\n<div  class='flex_column av-awzao-ffdd4d9fe76b691c5f7df5bb8a8fbeb6 av_one_full  avia-builder-el-0  avia-builder-el-no-sibling  first flex_column_div av-zero-column-padding  '     ><section  class='av_textblock_section av-jxzqens5-c5340f5fa7d20d9feada8a62100be090 '   itemscope=\"itemscope\" itemtype=\"https:\/\/schema.org\/CreativeWork\" ><div class='avia_textblock'  itemprop=\"text\" ><h1><strong>AVVISO LEGALE<\/strong><\/h1>\n<p>LEGGE SUI SERVIZI DELLA SOCIET\u00c0 DELL&#8217;INFORMAZIONE (LSSI)<\/p>\n<p>RENSIKA S.L, responsabile del sito web, di seguito RESPONSABILE, mette a disposizione degli utenti il presente documento, con il quale intende adempiere agli obblighi previsti dalla Legge 34\/2002, dell&#8217;11 luglio, sui Servizi della Societ\u00e0 dell&#8217;Informazione e del Commercio Elettronico (LSSICE), G.U. N\u00ba 166, nonch\u00e9 informare tutti gli utenti del sito web in merito alle condizioni di utilizzo.<br \/>\nQualsiasi persona che accede a questo sito web assume il ruolo di utente, e si impegna al rispetto e alla stretta osservanza delle disposizioni del presente documento, nonch\u00e9 di qualsiasi altra disposizione legale eventualmente applicabile.<br \/>\nRENSIKA S.L si riserva il diritto di modificare qualsiasi tipo di informazione che possa apparire nel sito web, senza alcun obbligo di preavviso o di informazione agli utenti, intendendosi sufficiente la pubblicazione nel sito web di RENSIKA S.L.<\/p>\n<ol>\n<li>DATI IDENTIFICATIVI<br \/>\nNome di dominio: rensika.com<br \/>\nNome Commerciale:<br \/>\nDenominazione sociale: RENSIKA S.L<br \/>\nP. IVA (NIF): B59834028<br \/>\nSede sociale: Avenida Can Fatj\u00f3, 151 Pol.Ind.Cova Solera (08191) Rub\u00ed , Barcelona<br \/>\nTelefono: 93 715 10 81<br \/>\ne-mail: info@rensika.com<br \/>\nIscritta al Registro (delle Imprese \/ Pubblico): Barcelona, Volume 21.168, Foglio 104, Pagina B-17.904, Iscr. 1a<\/li>\n<li>DIRITTI DI PROPRIET\u00c0 INTELLETTUALE E INDUSTRIALE<br \/>\nIl sito web, includendo a titolo enunciativo ma non limitativo, la sua programmazione, redazione, compilazione e altri elementi necessari al suo funzionamento, disegni, logotipi, testi e\/o grafici, sono di propriet\u00e0 del RESPONSABILE o, se del caso, ha una licenza o un&#8217;autorizzazione espressa degli autori. Tutti i contenuti del sito web sono debitamente protetti dalla normativa sulla propriet\u00e0 intellettuale e industriale, nonch\u00e9 iscritti nei relativi registri pubblici. Indipendentemente dallo scopo a cui sono destinati, la riproduzione totale o parziale, l&#8217;uso, lo sfruttamento, la distribuzione e la commercializzazione, richiedono in ogni caso l&#8217;autorizzazione preliminare per iscritto da parte del RESPONSABILE. Qualsiasi uso non autorizzato \u00e8 considerato una grave violazione dei diritti di propriet\u00e0 intellettuale o industriale dell&#8217;autore.<br \/>\nI disegni, logotipi, testi e\/o i grafici che non appartengono al RESPONSABILE e che possono apparire nel sito web, appartengono ai rispettivi proprietari, ed essi stessi sono responsabili di ogni possibile controversia che possa sorgere riguardo agli stessi. Il RESPONSABILE autorizza espressamente le terze parti a reindirizzare direttamente ai contenuti specifici del sito, e in ogni caso a reindirizzare al sito web principale di rensika.com.<br \/>\nIl RESPONSABILE riconosce a favore dei loro proprietari i relativi diritti di propriet\u00e0 intellettuale e industriale, e la loro semplice menzione o apparizione nel sito web non implica l&#8217;esistenza di alcun diritto o responsabilit\u00e0 su di essi, n\u00e9 alcun avallo, sponsorizzazione o raccomandazione da parte dello stesso.<br \/>\n\u00c8 possibile effettuare qualsiasi tipo di osservazione nei confronti di eventuali violazioni dei diritti di propriet\u00e0 intellettuale o industriale, nonch\u00e9 qualsiasi contenuto del sito web, tramite e-mail all&#8217;indirizzo info@rensika.com.<\/li>\n<li>ESONERO DA RESPONSABILIT\u00c0<br \/>\nIl RESPONSABILE si esime da qualsiasi tipo di responsabilit\u00e0 derivata dalle informazioni pubblicate sul suo sito web quando queste informazioni sono state manipolate o introdotte da una terza parte esterna allo stesso.<\/li>\n<\/ol>\n<p>Uso dei cookie<br \/>\nQuesto sito pu\u00f2 utilizzare cookie tecnici (piccoli file di informazioni che il server invia al computer della persona che accede alla pagina) per svolgere alcune funzioni che sono considerate essenziali per il corretto funzionamento e visualizzazione del sito. I cookie utilizzati sono, in ogni caso, di natura temporanea, con l&#8217;unico scopo di rendere la navigazione pi\u00f9 efficiente, e scompaiono al termine della sessione dell&#8217;utente. In nessun caso questi cookie forniscono di per se stessi dati personali e non saranno utilizzati per raccoglierli.<br \/>\nAttraverso l&#8217;uso dei cookie \u00e8 anche possibile che il server dove si trova il sito web riconosca il browser utilizzato dall&#8217;utente al fine di agevolare la navigazione permettendo, ad esempio, l&#8217;accesso da parte degli utenti che si sono precedentemente registrati ad aree, servizi, promozioni o concorsi riservati esclusivamente a loro, senza doversi registrare ad ogni visita. Possono anche essere utilizzati per misurare l&#8217;audience, i parametri di traffico, controllare l&#8217;andamento e il numero di entrate, ecc.; in questi casi si tratta di cookie da cui si pu\u00f2 prescindere tecnicamente ma vantaggiosi per l&#8217;utente. Questo sito web non installer\u00e0 cookie da cui si pu\u00f2 prescindere senza aver prima ottenuto il consenso dell&#8217;utente.<br \/>\nL&#8217;utente ha la possibilit\u00e0 di configurare il suo browser per essere avvisato della ricezione di cookie e per impedirne l&#8217;installazione sul suo dispositivo. Si prega di consultare le istruzioni del proprio browser per ulteriori informazioni.<\/p>\n<p>Politica dei link<br \/>\nDal sito web si pu\u00f2 essere reindirizzati a contenuti su siti web di terze parti. Dal momento che il RESPONSABILE non pu\u00f2 sempre controllare i contenuti introdotti da terzi nei loro rispettivi siti web, non si assume alcun tipo di responsabilit\u00e0 nei confronti di tali contenuti. In ogni caso, proceder\u00e0 al ritiro immediato di qualsiasi contenuto che possa contravvenire alla legislazione nazionale o internazionale, alla morale o all&#8217;ordine pubblico, e ritirer\u00e0 immediatamente il reindirizzamento a tale sito web, informando le autorit\u00e0 competenti del contenuto in questione.<br \/>\nIl RESPONSABILE non si assume la responsabilit\u00e0 delle informazioni e dei contenuti memorizzati, a titolo enunciativo ma non limitativo, in forum, chat, generatori di blog, commenti, social network o qualsiasi altro mezzo che consenta a terzi di pubblicare contenuti in modo indipendente sul sito web del RESPONSABILE. Tuttavia, e in conformit\u00e0 con le disposizioni degli articoli 11 e 16 della LSSICE, si mette a disposizione di tutti gli utenti, le autorit\u00e0 e le forze di sicurezza, collaborando attivamente alla rimozione o, se del caso, al blocco di tutti i contenuti che possono influenzare o contrastare la legislazione nazionale o internazionale, i diritti di terzi o la morale e l&#8217;ordine pubblico. Nel caso in cui l&#8217;utente ritenga che ci sia qualche contenuto sul sito web che potrebbe essere suscettibile di questa classificazione, si prega di avvisare immediatamente l&#8217;amministratore del sito web.<br \/>\nQuesto sito web \u00e8 stato controllato e testato per assicurarne il corretto funzionamento. In linea di principio, il buon funzionamento pu\u00f2 essere garantito 365 giorni all&#8217;anno, 24 ore al giorno. Tuttavia, il RESPONSABILE non esclude la possibilit\u00e0 dell&#8217;esistenza di alcuni errori di programmazione, o del verificarsi di cause di forza maggiore, disastri naturali, scioperi o circostanze simili che rendano impossibile l&#8217;accesso al sito web.<\/p>\n<p>Indirizzi IP<br \/>\nI server del sito web saranno in grado di rilevare automaticamente l&#8217;indirizzo IP e il nome di dominio utilizzati dall&#8217;utente.<br \/>\nUn indirizzo IP \u00e8 un numero assegnato automaticamente a un computer quando questo si connette a Internet. Tutte queste informazioni vengono registrate in un file di attivit\u00e0 del server debitamente iscritto, che consente la successiva elaborazione dei dati per ottenere misurazioni solo statistiche che consentano di conoscere il numero di stampe di pagine, il numero di visite realizzate ai server web, l&#8217;ordine di visite, il punto di accesso, ecc.<\/p>\n<ol start=\"4\">\n<li>LEGGE APPLICABILE E GIURISDIZIONE<br \/>\nLa legge applicabile in caso di controversia o conflitto di interpretazione dei termini che compongono i testi legali, nonch\u00e9 qualsiasi questione relativa ai servizi di questo sito web, sar\u00e0 la legge spagnola.<\/li>\n<\/ol>\n<p>Ultimo aggiornamento: 22\/07\/2021<\/p>\n<\/div><\/section><\/div>\n","protected":false},"excerpt":{"rendered":"","protected":false},"author":1,"featured_media":0,"parent":0,"menu_order":0,"comment_status":"closed","ping_status":"closed","template":"","meta":{"footnotes":""},"_links":{"self":[{"href":"https:\/\/rensika.com\/it\/wp-json\/wp\/v2\/pages\/3068"}],"collection":[{"href":"https:\/\/rensika.com\/it\/wp-json\/wp\/v2\/pages"}],"about":[{"href":"https:\/\/rensika.com\/it\/wp-json\/wp\/v2\/types\/page"}],"author":[{"embeddable":true,"href":"https:\/\/rensika.com\/it\/wp-json\/wp\/v2\/users\/1"}],"replies":[{"embeddable":true,"href":"https:\/\/rensika.com\/it\/wp-json\/wp\/v2\/comments?post=3068"}],"version-history":[{"count":3,"href":"https:\/\/rensika.com\/it\/wp-json\/wp\/v2\/pages\/3068\/revisions"}],"predecessor-version":[{"id":3071,"href":"https:\/\/rensika.com\/it\/wp-json\/wp\/v2\/pages\/3068\/revisions\/3071"}],"wp:attachment":[{"href":"https:\/\/rensika.com\/it\/wp-json\/wp\/v2\/media?parent=3068"}],"curies":[{"name":"wp","href":"https:\/\/api.w.org\/{rel}","templated":true}]}}