{"id":2040,"date":"2021-07-27T20:04:40","date_gmt":"2021-07-27T18:04:40","guid":{"rendered":"https:\/\/rensika.com\/politica-redes-sociales\/"},"modified":"2024-11-08T13:03:37","modified_gmt":"2024-11-08T12:03:37","slug":"politique-relative-aux-medias-sociaux","status":"publish","type":"page","link":"https:\/\/rensika.com\/fr\/politique-relative-aux-medias-sociaux\/","title":{"rendered":"Politique relative aux m\u00e9dias sociaux"},"content":{"rendered":"\n<style type=\"text\/css\" data-created_by=\"avia_inline_auto\" id=\"style-css-av-2u9gen-29be41fe8b15f387e628cff3e69620de\">\n.flex_column.av-2u9gen-29be41fe8b15f387e628cff3e69620de{\nborder-radius:0px 0px 0px 0px;\npadding:0px 0px 0px 0px;\n}\n<\/style>\n<div  class='flex_column av-2u9gen-29be41fe8b15f387e628cff3e69620de av_one_full  avia-builder-el-0  avia-builder-el-no-sibling  first flex_column_div av-zero-column-padding  '     ><section  class='av_textblock_section av-krl0g815-f865261e9f5ec06ff37b5157f6ddbcd9 '   itemscope=\"itemscope\" itemtype=\"https:\/\/schema.org\/CreativeWork\" ><div class='avia_textblock'  itemprop=\"text\" ><h1>Politique relative aux m\u00e9dias sociaux<\/h1>\n<p>1. INFORMATION \u00c0 L&#8217;UTILISATEUR<br \/>\nQui est responsable du traitement de vos donn\u00e9es personnelles ?<\/p>\n<p>RENSIKA S.L sera responsable du traitement des donn\u00e9es personnelles des PERSONNES qui auront proc\u00e9d\u00e9 \u00e0 la cr\u00e9ation d&#8217;un profil sur l&#8217;un de leurs r\u00e9seaux sociaux, et elles seront trait\u00e9es conform\u00e9ment aux dispositions du r\u00e8glement (UE) 2016\/679 du 27. d&#8217;avril (RGPD), la loi organique 3\/2018 du 5 d\u00e9cembre (LOPDGDD) et la loi sur les services de la soci\u00e9t\u00e9 de l&#8217;information et du commerce \u00e9lectronique (LSSI), en fournissant les informations de traitement suivantes\u00a0:<\/p>\n<p>Pourquoi traitons-nous vos donn\u00e9es personnelles ?<br \/>\nFinalit\u00e9 du traitement : maintenir une relation entre l&#8217;UTILISATEUR et RENSIKA S.L (ci-apr\u00e8s le RESPONSABLE) qui peut comprendre les op\u00e9rations suivantes :<br \/>\nTraiter les demandes et les interrogations adress\u00e9es au responsable<br \/>\nInformer sur les activit\u00e9s et \u00e9v\u00e9nements organis\u00e9s par le responsable Informer sur les produits ou services propos\u00e9s par le responsable<br \/>\nInteragissez via les profils officiels<br \/>\nLorsque le RESPONSABLE collecte et traite des donn\u00e9es personnelles via ses r\u00e9seaux sociaux, les UTILISATEURS seront inform\u00e9s de la finalit\u00e9 de la collecte des donn\u00e9es, ainsi que de leurs droits concernant leurs donn\u00e9es personnelles. Les donn\u00e9es personnelles seront utilis\u00e9es uniquement aux fins indiqu\u00e9es et seront conserv\u00e9es en toute s\u00e9curit\u00e9.<br \/>\nBase juridique du traitement : le consentement explicite accord\u00e9 par l&#8217;UTILISATEUR pour le traitement de ses donn\u00e9es personnelles pour une ou plusieurs finalit\u00e9s sp\u00e9cifiques (article 6.1.a RGPD).<br \/>\nD&#8217;autre part, l&#8217;UTILISATEUR peut acc\u00e9der \u00e0 tout moment aux politiques de confidentialit\u00e9 du r\u00e9seau social lui-m\u00eame, ainsi que configurer son profil pour garantir sa confidentialit\u00e9.<\/p>\n<p>Combien de temps conserverons-nous vos donn\u00e9es personnelles ?<br \/>\nCrit\u00e8res de conservation des donn\u00e9es : elles seront conserv\u00e9es tant que l&#8217;UTILISATEUR ne r\u00e9voque pas le consentement donn\u00e9 comme indiqu\u00e9 dans la pr\u00e9sente politique de confidentialit\u00e9.<\/p>\n<p>\u00c0 qui fournissons-nous vos donn\u00e9es personnelles ?<br \/>\nCommunication de donn\u00e9es : les informations fournies par l&#8217;UTILISATEUR \u00e0 travers les r\u00e9seaux sociaux du RESPONSABLE, y compris ses donn\u00e9es personnelles, peuvent \u00eatre publi\u00e9es, toujours en fonction des services que l&#8217;UTILISATEUR utilise, afin qu&#8217;elles puissent \u00eatre rendues publiques par d&#8217;autres utilisateurs tiers. des r\u00e9seaux sociaux. Depuis le profil de chaque r\u00e9seau social, l&#8217;UTILISATEUR peut configurer les informations qu&#8217;il souhaite rendre publiques dans chaque cas, voir les autorisations qui ont \u00e9t\u00e9 accord\u00e9es, les supprimer ou les d\u00e9sactiver, comme toute application tierce qu&#8217;il ne souhaite plus utiliser. .<br \/>\nToutefois, aucune communication de donn\u00e9es personnelles \u00e0 des tiers en dehors du r\u00e9seau social n&#8217;est pr\u00e9vue sauf, si elle est indispensable au d\u00e9veloppement et \u00e0 l&#8217;ex\u00e9cution des finalit\u00e9s du traitement, \u00e0 nos prestataires de services li\u00e9s aux communications, aupr\u00e8s desquels le RESPONSABLE a souscrit le. contrats de confidentialit\u00e9 et de traitement des donn\u00e9es requis par les r\u00e9glementations en vigueur sur la confidentialit\u00e9.<\/p>\n<p>Quels sont vos droits ?<\/p>\n<p>Droits qui assistent l&#8217;UTILISATEUR\u00a0: ils ne peuvent \u00eatre satisfaits que par rapport aux informations qui sont sous le contr\u00f4le du RESPONSABLE.<br \/>\nDroit de retirer son consentement \u00e0 tout moment.<br \/>\nDroit d&#8217;acc\u00e8s, de rectification, de portabilit\u00e9 et de suppression de vos donn\u00e9es, et limitation ou opposition \u00e0 leur traitement.<br \/>\nDroit de d\u00e9poser une r\u00e9clamation aupr\u00e8s de l&#8217;autorit\u00e9 de contr\u00f4le (www.aepd.es) si vous estimez que le traitement n&#8217;est pas conforme \u00e0 la r\u00e9glementation en vigueur.<\/p>\n<p>Coordonn\u00e9es pour exercer vos droits :<br \/>\nRENSIKA S.L Avenue Can Fatj\u00f3, Pol.Ind. Cova Solera, 151 \u2013 08191 Rub\u00ed (Barcelone). Courriel : info@rensika.com<br \/>\nLa politique de confidentialit\u00e9 compl\u00e8te est disponible sur rensika.com<\/p>\n<p>2. UTILISATION DU PROFIL<br \/>\nLe CONTROLEUR effectuera les actions suivantes :<\/p>\n<p>Acc\u00e8s aux informations de profil public.<br \/>\nPublication sur le profil de l&#8217;UTILISATEUR de toutes les informations d\u00e9j\u00e0 publi\u00e9es sur le r\u00e9seau social du RESPONSABLE.<br \/>\nEnvoyez des messages personnels et individuels via les r\u00e9seaux sociaux.<br \/>\nMises \u00e0 jour de l&#8217;\u00e9tat de la page qui seront publi\u00e9es dans le profil de l&#8217;UTILISATEUR. L&#8217;UTILISATEUR peut \u00e0 tout moment contr\u00f4ler ses connexions, \u00e9liminer les contenus qui ne l&#8217;int\u00e9ressent plus et restreindre les personnes avec lesquelles il partage ses connexions ; Pour ce faire, vous devez acc\u00e9der \u00e0 vos param\u00e8tres o\u00f9 vous trouverez diff\u00e9rentes possibilit\u00e9s de configuration en fonction du degr\u00e9 de confidentialit\u00e9 du profil utilisateur sur le r\u00e9seau social.<\/p>\n<p>3. PUBLICATIONS<br \/>\nL&#8217;objectif des r\u00e9seaux sociaux est de donner de la visibilit\u00e9 et de la diffusion des activit\u00e9s r\u00e9alis\u00e9es par le RESPONSABLE. Ces outils stockent des donn\u00e9es personnelles sur les serveurs des services respectifs et sont r\u00e9gis par leur propre politique de confidentialit\u00e9.<br \/>\nL&#8217;UTILISATEUR, une fois qu&#8217;il est follower ou qu&#8217;il a rejoint le r\u00e9seau social du RESPONSABLE, peut y publier, ainsi que<\/p>\n<\/div><\/section><\/div>\n","protected":false},"excerpt":{"rendered":"","protected":false},"author":1,"featured_media":0,"parent":0,"menu_order":0,"comment_status":"closed","ping_status":"closed","template":"","meta":{"footnotes":""},"_links":{"self":[{"href":"https:\/\/rensika.com\/fr\/wp-json\/wp\/v2\/pages\/2040"}],"collection":[{"href":"https:\/\/rensika.com\/fr\/wp-json\/wp\/v2\/pages"}],"about":[{"href":"https:\/\/rensika.com\/fr\/wp-json\/wp\/v2\/types\/page"}],"author":[{"embeddable":true,"href":"https:\/\/rensika.com\/fr\/wp-json\/wp\/v2\/users\/1"}],"replies":[{"embeddable":true,"href":"https:\/\/rensika.com\/fr\/wp-json\/wp\/v2\/comments?post=2040"}],"version-history":[{"count":4,"href":"https:\/\/rensika.com\/fr\/wp-json\/wp\/v2\/pages\/2040\/revisions"}],"predecessor-version":[{"id":3176,"href":"https:\/\/rensika.com\/fr\/wp-json\/wp\/v2\/pages\/2040\/revisions\/3176"}],"wp:attachment":[{"href":"https:\/\/rensika.com\/fr\/wp-json\/wp\/v2\/media?parent=2040"}],"curies":[{"name":"wp","href":"https:\/\/api.w.org\/{rel}","templated":true}]}}